{"id":299,"date":"2023-12-18T10:38:32","date_gmt":"2023-12-18T09:38:32","guid":{"rendered":"https:\/\/jaeggi-co2.association-st-camille.ch\/produkt\/amano-mjr-8500-euro\/"},"modified":"2023-12-18T10:38:32","modified_gmt":"2023-12-18T09:38:32","slug":"amano-mjr-8500-euro","status":"publish","type":"product","link":"https:\/\/jaeggi-co2.association-st-camille.ch\/fr\/produkt\/amano-mjr-8500-euro\/","title":{"rendered":"AMANO MJR-8500 EURO"},"content":{"rendered":"<section class=\"page-product-box\">\n<div class=\"rte\">\n<ul>\n<li>Capacit\u00e9 de 100 employ\u00e9s<\/li>\n<li>Calcul de l&#8217;horaire variable<\/li>\n<li>Minutes normales, ou 17100 heures au choix<\/li>\n<li>Salaire horaire &#8211; Saisie<\/li>\n<li>Jusqu&#8217;\u00e0 6 comptes d&#8217;heures suppl\u00e9mentaires<\/li>\n<li>9 programmes hebdomadaires, chaque jour de la semaine librement programmable<\/li>\n<li>d\u00e9duction automatique des pauses<\/li>\n<li>+ \/ &#8211; solde programmable<\/li>\n<li>Calendrier permanent et 16 jours f\u00e9ri\u00e9s programmables<\/li>\n<\/ul>\n<\/div>\n<\/section>\n","protected":false},"excerpt":{"rendered":"<p id=\"product_condition\"><label>\u00c9tat :<\/label> <span class=\"editable\">Occasion<\/span><\/p>\n<div id=\"short_description_block\">\n<div id=\"short_description_content\" class=\"rte align_justify\">\n<ul>\n<li><strong>Timbreuse \u00e9lectronique \u00e0 calculer<\/strong><\/li>\n<li><strong>La plus grande flexibilit\u00e9 possible, m\u00eame en cas d&#8217;horaires variables<\/strong><\/li>\n<li><strong>Manipulation tr\u00e8s simple<\/strong><\/li>\n<\/ul>\n<\/div>\n<\/div>\n","protected":false},"featured_media":96,"comment_status":"open","ping_status":"closed","template":"","meta":{"_et_pb_use_builder":"","_et_pb_old_content":"","_et_gb_content_width":"","inline_featured_image":false},"product_cat":[41],"product_tag":[],"class_list":{"0":"post-299","1":"product","2":"type-product","3":"status-publish","4":"has-post-thumbnail","6":"product_cat-occasions","8":"first","9":"instock","10":"shipping-taxable","11":"purchasable","12":"product-type-simple"},"yoast_head":"<!-- This site is optimized with the Yoast SEO plugin v21.8.1 - https:\/\/yoast.com\/wordpress\/plugins\/seo\/ -->\n<title>AMANO MJR-8500 EURO - Jaeggi Zeiterfassung GmbH<\/title>\n<meta name=\"robots\" content=\"noindex, follow, max-snippet:-1, max-image-preview:large, max-video-preview:-1\" \/>\n<meta property=\"og:locale\" content=\"fr_FR\" \/>\n<meta property=\"og:type\" content=\"article\" \/>\n<meta property=\"og:title\" content=\"AMANO MJR-8500 EURO - Jaeggi Zeiterfassung GmbH\" \/>\n<meta property=\"og:description\" content=\"\u00c9tat : Occasion    Timbreuse \u00e9lectronique \u00e0 calculer  La plus grande flexibilit\u00e9 possible, m\u00eame en cas d&#039;horaires variables  Manipulation tr\u00e8s simple\" \/>\n<meta property=\"og:url\" content=\"https:\/\/jaeggi-co2.association-st-camille.ch\/produkt\/amano-mjr-8500-euro\/\" \/>\n<meta property=\"og:site_name\" content=\"Jaeggi Zeiterfassung GmbH\" \/>\n<meta name=\"twitter:card\" content=\"summary_large_image\" \/>\n<script type=\"application\/ld+json\" class=\"yoast-schema-graph\">{\"@context\":\"https:\/\/schema.org\",\"@graph\":[{\"@type\":\"WebPage\",\"@id\":\"https:\/\/jaeggi-co2.association-st-camille.ch\/produkt\/amano-mjr-8500-euro\/\",\"url\":\"https:\/\/jaeggi-co2.association-st-camille.ch\/produkt\/amano-mjr-8500-euro\/\",\"name\":\"AMANO MJR-8500 EURO - Jaeggi Zeiterfassung GmbH\",\"isPartOf\":{\"@id\":\"https:\/\/jaeggi-co2.association-st-camille.ch\/#website\"},\"datePublished\":\"2023-12-18T09:38:32+00:00\",\"dateModified\":\"2023-12-18T09:38:32+00:00\",\"breadcrumb\":{\"@id\":\"https:\/\/jaeggi-co2.association-st-camille.ch\/produkt\/amano-mjr-8500-euro\/#breadcrumb\"},\"inLanguage\":\"fr-FR\",\"potentialAction\":[{\"@type\":\"ReadAction\",\"target\":[\"https:\/\/jaeggi-co2.association-st-camille.ch\/produkt\/amano-mjr-8500-euro\/\"]}]},{\"@type\":\"BreadcrumbList\",\"@id\":\"https:\/\/jaeggi-co2.association-st-camille.ch\/produkt\/amano-mjr-8500-euro\/#breadcrumb\",\"itemListElement\":[{\"@type\":\"ListItem\",\"position\":1,\"name\":\"Startseite\",\"item\":\"https:\/\/jaeggi-co2.association-st-camille.ch\/fr\/home\/\"},{\"@type\":\"ListItem\",\"position\":2,\"name\":\"Boutique\",\"item\":\"https:\/\/jaeggi-co2.association-st-camille.ch\/fr\/boutique\/\"},{\"@type\":\"ListItem\",\"position\":3,\"name\":\"AMANO MJR-8500 EURO\"}]},{\"@type\":\"WebSite\",\"@id\":\"https:\/\/jaeggi-co2.association-st-camille.ch\/#website\",\"url\":\"https:\/\/jaeggi-co2.association-st-camille.ch\/\",\"name\":\"Jaeggi Zeiterfassung GmbH\",\"description\":\"Beratung - Verkauf - Reparaturen - Zubeh\u00f6r &amp; Occasionen\",\"potentialAction\":[{\"@type\":\"SearchAction\",\"target\":{\"@type\":\"EntryPoint\",\"urlTemplate\":\"https:\/\/jaeggi-co2.association-st-camille.ch\/?s={search_term_string}\"},\"query-input\":\"required name=search_term_string\"}],\"inLanguage\":\"fr-FR\"}]}<\/script>\n<!-- \/ Yoast SEO plugin. -->","yoast_head_json":{"title":"AMANO MJR-8500 EURO - Jaeggi Zeiterfassung GmbH","robots":{"index":"noindex","follow":"follow","max-snippet":"max-snippet:-1","max-image-preview":"max-image-preview:large","max-video-preview":"max-video-preview:-1"},"og_locale":"fr_FR","og_type":"article","og_title":"AMANO MJR-8500 EURO - Jaeggi Zeiterfassung GmbH","og_description":"\u00c9tat : Occasion    Timbreuse \u00e9lectronique \u00e0 calculer  La plus grande flexibilit\u00e9 possible, m\u00eame en cas d'horaires variables  Manipulation tr\u00e8s simple","og_url":"https:\/\/jaeggi-co2.association-st-camille.ch\/produkt\/amano-mjr-8500-euro\/","og_site_name":"Jaeggi Zeiterfassung GmbH","twitter_card":"summary_large_image","schema":{"@context":"https:\/\/schema.org","@graph":[{"@type":"WebPage","@id":"https:\/\/jaeggi-co2.association-st-camille.ch\/produkt\/amano-mjr-8500-euro\/","url":"https:\/\/jaeggi-co2.association-st-camille.ch\/produkt\/amano-mjr-8500-euro\/","name":"AMANO MJR-8500 EURO - Jaeggi Zeiterfassung GmbH","isPartOf":{"@id":"https:\/\/jaeggi-co2.association-st-camille.ch\/#website"},"datePublished":"2023-12-18T09:38:32+00:00","dateModified":"2023-12-18T09:38:32+00:00","breadcrumb":{"@id":"https:\/\/jaeggi-co2.association-st-camille.ch\/produkt\/amano-mjr-8500-euro\/#breadcrumb"},"inLanguage":"fr-FR","potentialAction":[{"@type":"ReadAction","target":["https:\/\/jaeggi-co2.association-st-camille.ch\/produkt\/amano-mjr-8500-euro\/"]}]},{"@type":"BreadcrumbList","@id":"https:\/\/jaeggi-co2.association-st-camille.ch\/produkt\/amano-mjr-8500-euro\/#breadcrumb","itemListElement":[{"@type":"ListItem","position":1,"name":"Startseite","item":"https:\/\/jaeggi-co2.association-st-camille.ch\/fr\/home\/"},{"@type":"ListItem","position":2,"name":"Boutique","item":"https:\/\/jaeggi-co2.association-st-camille.ch\/fr\/boutique\/"},{"@type":"ListItem","position":3,"name":"AMANO MJR-8500 EURO"}]},{"@type":"WebSite","@id":"https:\/\/jaeggi-co2.association-st-camille.ch\/#website","url":"https:\/\/jaeggi-co2.association-st-camille.ch\/","name":"Jaeggi Zeiterfassung GmbH","description":"Beratung - Verkauf - Reparaturen - Zubeh\u00f6r &amp; Occasionen","potentialAction":[{"@type":"SearchAction","target":{"@type":"EntryPoint","urlTemplate":"https:\/\/jaeggi-co2.association-st-camille.ch\/?s={search_term_string}"},"query-input":"required name=search_term_string"}],"inLanguage":"fr-FR"}]}},"_links":{"self":[{"href":"https:\/\/jaeggi-co2.association-st-camille.ch\/fr\/wp-json\/wp\/v2\/product\/299","targetHints":{"allow":["GET"]}}],"collection":[{"href":"https:\/\/jaeggi-co2.association-st-camille.ch\/fr\/wp-json\/wp\/v2\/product"}],"about":[{"href":"https:\/\/jaeggi-co2.association-st-camille.ch\/fr\/wp-json\/wp\/v2\/types\/product"}],"replies":[{"embeddable":true,"href":"https:\/\/jaeggi-co2.association-st-camille.ch\/fr\/wp-json\/wp\/v2\/comments?post=299"}],"wp:featuredmedia":[{"embeddable":true,"href":"https:\/\/jaeggi-co2.association-st-camille.ch\/fr\/wp-json\/wp\/v2\/media\/96"}],"wp:attachment":[{"href":"https:\/\/jaeggi-co2.association-st-camille.ch\/fr\/wp-json\/wp\/v2\/media?parent=299"}],"wp:term":[{"taxonomy":"product_cat","embeddable":true,"href":"https:\/\/jaeggi-co2.association-st-camille.ch\/fr\/wp-json\/wp\/v2\/product_cat?post=299"},{"taxonomy":"product_tag","embeddable":true,"href":"https:\/\/jaeggi-co2.association-st-camille.ch\/fr\/wp-json\/wp\/v2\/product_tag?post=299"}],"curies":[{"name":"wp","href":"https:\/\/api.w.org\/{rel}","templated":true}]}}