{"id":294,"date":"2023-12-18T11:00:53","date_gmt":"2023-12-18T10:00:53","guid":{"rendered":"https:\/\/jaeggi-co2.association-st-camille.ch\/home\/"},"modified":"2024-01-29T12:02:42","modified_gmt":"2024-01-29T11:02:42","slug":"home","status":"publish","type":"page","link":"https:\/\/jaeggi-co2.association-st-camille.ch\/fr\/","title":{"rendered":"Home"},"content":{"rendered":"<p>[et_pb_section fb_built=&#8221;1&#8243; fullwidth=&#8221;on&#8221; _builder_version=&#8221;4.23.1&#8243; _module_preset=&#8221;default&#8221; custom_margin=&#8221;||||false|false&#8221; custom_padding=&#8221;0px||0px||false|false&#8221; global_colors_info=&#8221;{}&#8221;][et_pb_fullwidth_header title=&#8221;Notre focus est le temps&#8221; text_orientation=&#8221;center&#8221; button_one_text=&#8221;Shopping&#8221; admin_label=&#8221;En-t\u00eate plein \u00e9cran&#8221; _builder_version=&#8221;4.24.0&#8243; _module_preset=&#8221;default&#8221; title_font=&#8221;Open Sans|700|||||||&#8221; title_letter_spacing=&#8221;4px&#8221; title_line_height=&#8221;2em&#8221; content_font=&#8221;Open Sans|600|||||||&#8221; content_font_size=&#8221;20px&#8221; background_color=&#8221;rgba(0,0,0,0.62)&#8221; background_image=&#8221;https:\/\/jaeggi-co2.association-st-camille.ch\/wp-content\/uploads\/2023\/12\/AdobeStock_626900177_Preview.jpeg&#8221; background_blend=&#8221;multiply&#8221; custom_button_one=&#8221;on&#8221; button_one_text_color=&#8221;#FFFFFF&#8221; button_one_bg_color=&#8221;#A2112A&#8221; button_one_border_color=&#8221;RGBA(255,255,255,0)&#8221; button_one_icon=&#8221;&#x24;||divi||400&#8243; button_one_icon_color=&#8221;#FFFFFF&#8221; custom_padding=&#8221;100px||100px||true|false&#8221; hover_enabled=&#8221;0&#8243; global_colors_info=&#8221;{}&#8221; sticky_enabled=&#8221;0&#8243;]<\/p>\n<p>Nous sommes votre partenaire de confiance pour les syst\u00e8mes de gestion du temps depuis plus de 60 ans.<\/p>\n<p>&nbsp;<\/p>\n<p>Nous d\u00e9veloppons en permanence notre pr\u00e9sence sur le web. Si vous ne trouvez pas un produit sur le site, veuillez nous contacter. Nous nous occupons personnellement de chaque demande.<\/p>\n<p>[\/et_pb_fullwidth_header][\/et_pb_section][et_pb_section fb_built=&#8221;1&#8243; _builder_version=&#8221;4.23.1&#8243; _module_preset=&#8221;14c0d9fa-f353-4520-ae7a-fde45d68a5f8&#8243; background_enable_color=&#8221;off&#8221; min_height=&#8221;1194.4px&#8221; custom_padding=&#8221;50px|||||&#8221; global_colors_info=&#8221;{}&#8221;][et_pb_row _builder_version=&#8221;4.23.1&#8243; _module_preset=&#8221;default&#8221; global_colors_info=&#8221;{}&#8221;][et_pb_column type=&#8221;4_4&#8243; _builder_version=&#8221;4.23.1&#8243; _module_preset=&#8221;default&#8221; global_colors_info=&#8221;{}&#8221;][et_pb_text _builder_version=&#8221;4.23.1&#8243; _module_preset=&#8221;default&#8221; text_font=&#8221;Open Sans|700||on|||||&#8221; text_text_color=&#8221;#484848&#8243; text_font_size=&#8221;20px&#8221; header_font=&#8221;Open Sans||||||||&#8221; header_text_color=&#8221;#484848&#8243; header_2_font=&#8221;Open Sans|||on|||||&#8221; header_2_text_color=&#8221;#333333&#8243; min_height=&#8221;41.8px&#8221; custom_margin=&#8221;||40px||false|false&#8221; custom_padding=&#8221;4px||4px||false|false&#8221; border_width_bottom=&#8221;1px&#8221; border_color_bottom=&#8221;#333333&#8243; global_colors_info=&#8221;{}&#8221;]<\/p>\n<h2>nos nouveaux articles<\/h2>\n<p>[\/et_pb_text][\/et_pb_column][\/et_pb_row][et_pb_row _builder_version=&#8221;4.23.1&#8243; _module_preset=&#8221;default&#8221; global_colors_info=&#8221;{}&#8221;][et_pb_column type=&#8221;4_4&#8243; _builder_version=&#8221;4.23.1&#8243; _module_preset=&#8221;default&#8221; global_colors_info=&#8221;{}&#8221;][et_pb_shop posts_number=&#8221;8&#8243; icon_hover_color=&#8221;#FFFFFF&#8221; hover_overlay_color=&#8221;rgba(162,17,42,0.75)&#8221; hover_icon=&#8221;L||divi||400&#8243; _builder_version=&#8221;4.23.1&#8243; _module_preset=&#8221;default&#8221; title_font=&#8221;Open Sans|600||on|||||&#8221; title_font_size=&#8221;18px&#8221; price_font=&#8221;Open Sans|800|||||||&#8221; price_text_color=&#8221;#327082&#8243; price_font_size=&#8221;17px&#8221; price_line_height=&#8221;34px&#8221; sale_price_font=&#8221;Poppins|700|||||||&#8221; sale_price_font_size=&#8221;12px&#8221; sale_price_line_height=&#8221;1em&#8221; text_orientation=&#8221;center&#8221; border_radii_image=&#8221;on|4px|4px|4px|4px&#8221; box_shadow_style_image=&#8221;preset1&#8243; box_shadow_vertical_image=&#8221;1px&#8221; box_shadow_blur_image=&#8221;5px&#8221; box_shadow_spread_image=&#8221;-1px&#8221; global_colors_info=&#8221;{}&#8221;][\/et_pb_shop][\/et_pb_column][\/et_pb_row][\/et_pb_section][et_pb_section fb_built=&#8221;1&#8243; fullwidth=&#8221;on&#8221; _builder_version=&#8221;4.23.1&#8243; _module_preset=&#8221;default&#8221; custom_margin=&#8221;-3px|||||&#8221; global_colors_info=&#8221;{}&#8221;][\/et_pb_section]<\/p>\n","protected":false},"excerpt":{"rendered":"<p>Nous sommes votre partenaire de confiance pour les syst\u00e8mes de gestion du temps depuis plus de 60 ans. &nbsp; Nous d\u00e9veloppons en permanence notre pr\u00e9sence sur le web. Si vous ne trouvez pas un produit sur le site, veuillez nous contacter. Nous nous occupons personnellement de chaque demande.nos nouveaux articles<\/p>\n","protected":false},"author":1,"featured_media":0,"parent":0,"menu_order":0,"comment_status":"closed","ping_status":"closed","template":"","meta":{"_et_pb_use_builder":"on","_et_pb_old_content":"","_et_gb_content_width":"","inline_featured_image":false,"footnotes":""},"class_list":["post-294","page","type-page","status-publish","hentry"],"yoast_head":"<!-- This site is optimized with the Yoast SEO plugin v21.8.1 - https:\/\/yoast.com\/wordpress\/plugins\/seo\/ -->\n<title>Home - Jaeggi Zeiterfassung GmbH<\/title>\n<meta name=\"robots\" content=\"noindex, follow, max-snippet:-1, max-image-preview:large, max-video-preview:-1\" \/>\n<meta property=\"og:locale\" content=\"fr_FR\" \/>\n<meta property=\"og:type\" content=\"article\" \/>\n<meta property=\"og:title\" content=\"Home - Jaeggi Zeiterfassung GmbH\" \/>\n<meta property=\"og:description\" content=\"Nous sommes votre partenaire de confiance pour les syst\u00e8mes de gestion du temps depuis plus de 60 ans. &nbsp; Nous d\u00e9veloppons en permanence notre pr\u00e9sence sur le web. Si vous ne trouvez pas un produit sur le site, veuillez nous contacter. Nous nous occupons personnellement de chaque demande.nos nouveaux articles\" \/>\n<meta property=\"og:url\" content=\"https:\/\/jaeggi-co2.association-st-camille.ch\/fr\/home\/\" \/>\n<meta property=\"og:site_name\" content=\"Jaeggi Zeiterfassung GmbH\" \/>\n<meta property=\"article:modified_time\" content=\"2024-01-29T11:02:42+00:00\" \/>\n<meta name=\"twitter:card\" content=\"summary_large_image\" \/>\n<meta name=\"twitter:label1\" content=\"Dur\u00e9e de lecture estim\u00e9e\" \/>\n\t<meta name=\"twitter:data1\" content=\"2 minutes\" \/>\n<script type=\"application\/ld+json\" class=\"yoast-schema-graph\">{\"@context\":\"https:\/\/schema.org\",\"@graph\":[{\"@type\":\"WebPage\",\"@id\":\"https:\/\/jaeggi-co2.association-st-camille.ch\/fr\/home\/\",\"url\":\"https:\/\/jaeggi-co2.association-st-camille.ch\/fr\/home\/\",\"name\":\"Home - Jaeggi Zeiterfassung GmbH\",\"isPartOf\":{\"@id\":\"https:\/\/jaeggi-co2.association-st-camille.ch\/#website\"},\"datePublished\":\"2023-12-18T10:00:53+00:00\",\"dateModified\":\"2024-01-29T11:02:42+00:00\",\"breadcrumb\":{\"@id\":\"https:\/\/jaeggi-co2.association-st-camille.ch\/fr\/home\/#breadcrumb\"},\"inLanguage\":\"fr-FR\",\"potentialAction\":[{\"@type\":\"ReadAction\",\"target\":[\"https:\/\/jaeggi-co2.association-st-camille.ch\/fr\/home\/\"]}]},{\"@type\":\"BreadcrumbList\",\"@id\":\"https:\/\/jaeggi-co2.association-st-camille.ch\/fr\/home\/#breadcrumb\",\"itemListElement\":[{\"@type\":\"ListItem\",\"position\":1,\"name\":\"Startseite\",\"item\":\"https:\/\/jaeggi-co2.association-st-camille.ch\/fr\/home\/\"},{\"@type\":\"ListItem\",\"position\":2,\"name\":\"Home\"}]},{\"@type\":\"WebSite\",\"@id\":\"https:\/\/jaeggi-co2.association-st-camille.ch\/#website\",\"url\":\"https:\/\/jaeggi-co2.association-st-camille.ch\/\",\"name\":\"Jaeggi Zeiterfassung GmbH\",\"description\":\"Beratung - Verkauf - Reparaturen - Zubeh\u00f6r &amp; Occasionen\",\"potentialAction\":[{\"@type\":\"SearchAction\",\"target\":{\"@type\":\"EntryPoint\",\"urlTemplate\":\"https:\/\/jaeggi-co2.association-st-camille.ch\/?s={search_term_string}\"},\"query-input\":\"required name=search_term_string\"}],\"inLanguage\":\"fr-FR\"}]}<\/script>\n<!-- \/ Yoast SEO plugin. -->","yoast_head_json":{"title":"Home - Jaeggi Zeiterfassung GmbH","robots":{"index":"noindex","follow":"follow","max-snippet":"max-snippet:-1","max-image-preview":"max-image-preview:large","max-video-preview":"max-video-preview:-1"},"og_locale":"fr_FR","og_type":"article","og_title":"Home - Jaeggi Zeiterfassung GmbH","og_description":"Nous sommes votre partenaire de confiance pour les syst\u00e8mes de gestion du temps depuis plus de 60 ans. &nbsp; Nous d\u00e9veloppons en permanence notre pr\u00e9sence sur le web. Si vous ne trouvez pas un produit sur le site, veuillez nous contacter. Nous nous occupons personnellement de chaque demande.nos nouveaux articles","og_url":"https:\/\/jaeggi-co2.association-st-camille.ch\/fr\/home\/","og_site_name":"Jaeggi Zeiterfassung GmbH","article_modified_time":"2024-01-29T11:02:42+00:00","twitter_card":"summary_large_image","twitter_misc":{"Dur\u00e9e de lecture estim\u00e9e":"2 minutes"},"schema":{"@context":"https:\/\/schema.org","@graph":[{"@type":"WebPage","@id":"https:\/\/jaeggi-co2.association-st-camille.ch\/fr\/home\/","url":"https:\/\/jaeggi-co2.association-st-camille.ch\/fr\/home\/","name":"Home - Jaeggi Zeiterfassung GmbH","isPartOf":{"@id":"https:\/\/jaeggi-co2.association-st-camille.ch\/#website"},"datePublished":"2023-12-18T10:00:53+00:00","dateModified":"2024-01-29T11:02:42+00:00","breadcrumb":{"@id":"https:\/\/jaeggi-co2.association-st-camille.ch\/fr\/home\/#breadcrumb"},"inLanguage":"fr-FR","potentialAction":[{"@type":"ReadAction","target":["https:\/\/jaeggi-co2.association-st-camille.ch\/fr\/home\/"]}]},{"@type":"BreadcrumbList","@id":"https:\/\/jaeggi-co2.association-st-camille.ch\/fr\/home\/#breadcrumb","itemListElement":[{"@type":"ListItem","position":1,"name":"Startseite","item":"https:\/\/jaeggi-co2.association-st-camille.ch\/fr\/home\/"},{"@type":"ListItem","position":2,"name":"Home"}]},{"@type":"WebSite","@id":"https:\/\/jaeggi-co2.association-st-camille.ch\/#website","url":"https:\/\/jaeggi-co2.association-st-camille.ch\/","name":"Jaeggi Zeiterfassung GmbH","description":"Beratung - Verkauf - Reparaturen - Zubeh\u00f6r &amp; Occasionen","potentialAction":[{"@type":"SearchAction","target":{"@type":"EntryPoint","urlTemplate":"https:\/\/jaeggi-co2.association-st-camille.ch\/?s={search_term_string}"},"query-input":"required name=search_term_string"}],"inLanguage":"fr-FR"}]}},"_links":{"self":[{"href":"https:\/\/jaeggi-co2.association-st-camille.ch\/fr\/wp-json\/wp\/v2\/pages\/294","targetHints":{"allow":["GET"]}}],"collection":[{"href":"https:\/\/jaeggi-co2.association-st-camille.ch\/fr\/wp-json\/wp\/v2\/pages"}],"about":[{"href":"https:\/\/jaeggi-co2.association-st-camille.ch\/fr\/wp-json\/wp\/v2\/types\/page"}],"author":[{"embeddable":true,"href":"https:\/\/jaeggi-co2.association-st-camille.ch\/fr\/wp-json\/wp\/v2\/users\/1"}],"replies":[{"embeddable":true,"href":"https:\/\/jaeggi-co2.association-st-camille.ch\/fr\/wp-json\/wp\/v2\/comments?post=294"}],"version-history":[{"count":2,"href":"https:\/\/jaeggi-co2.association-st-camille.ch\/fr\/wp-json\/wp\/v2\/pages\/294\/revisions"}],"predecessor-version":[{"id":296,"href":"https:\/\/jaeggi-co2.association-st-camille.ch\/fr\/wp-json\/wp\/v2\/pages\/294\/revisions\/296"}],"wp:attachment":[{"href":"https:\/\/jaeggi-co2.association-st-camille.ch\/fr\/wp-json\/wp\/v2\/media?parent=294"}],"curies":[{"name":"wp","href":"https:\/\/api.w.org\/{rel}","templated":true}]}}